{"id":152,"date":"2025-09-25T12:13:55","date_gmt":"2025-09-25T12:13:55","guid":{"rendered":"https:\/\/calapez.art\/?page_id=152"},"modified":"2026-01-27T18:05:57","modified_gmt":"2026-01-27T18:05:57","slug":"home-2","status":"publish","type":"page","link":"https:\/\/calapez.art\/pt\/","title":{"rendered":"Home-new"},"content":{"rendered":"<div class=\"wp-block-group alignfull is-style-default has-global-padding is-content-justification-center is-layout-constrained wp-container-core-group-is-layout-06133555 wp-block-group-is-layout-constrained has-background\" style=\"min-height:20vh;margin-top:50px;margin-bottom:0;padding-top:var(--wp--preset--spacing--80);padding-right:0;padding-bottom:var(--wp--preset--spacing--80);padding-left:0;background-image:url(&apos;https:\/\/calapez.art\/wp-content\/uploads\/2025\/10\/web_3a_viagem-comboio_065_HCS4-copy.jpg&apos;);background-position:9% 71%;background-size:cover;background-attachment:scroll;\">\n<div class=\"wp-block-group has-global-padding is-layout-constrained wp-container-core-group-is-layout-346627ba wp-block-group-is-layout-constrained\">\n<h2 class=\"wp-block-heading has-text-align-center has-xx-large-font-size\" style=\"margin-right:0;margin-left:0;padding-right:0;padding-left:0\"><\/h2>\n<\/div>\n<\/div>\n\n\n\n<div class=\"wp-block-group alignfull is-style-section-1 has-global-padding is-layout-constrained wp-block-group-is-layout-constrained is-style-section-1--1\" style=\"margin-top:0;margin-bottom:0;padding-top:var(--wp--preset--spacing--80);padding-bottom:var(--wp--preset--spacing--80)\">\n\n\n<h2 class=\"wp-block-heading alignwide\">Sobre Mim<\/h2>\n\n\n\n<div class=\"wp-block-columns alignwide is-layout-flex wp-container-core-columns-is-layout-66fad18a wp-block-columns-is-layout-flex\">\n<div class=\"wp-block-column is-layout-flow wp-block-column-is-layout-flow\" style=\"padding-right:var(--wp--preset--spacing--50);flex-basis:50%\">\n<figure class=\"wp-block-image size-full\"><img loading=\"lazy\" decoding=\"async\" width=\"2048\" height=\"1365\" src=\"https:\/\/calapez.art\/wp-content\/uploads\/2025\/10\/web_abraca-me-copy.jpg\" alt=\"\" class=\"wp-image-283\" srcset=\"https:\/\/calapez.art\/wp-content\/uploads\/2025\/10\/web_abraca-me-copy.jpg 2048w, https:\/\/calapez.art\/wp-content\/uploads\/2025\/10\/web_abraca-me-copy-300x200.jpg 300w, https:\/\/calapez.art\/wp-content\/uploads\/2025\/10\/web_abraca-me-copy-1024x683.jpg 1024w, https:\/\/calapez.art\/wp-content\/uploads\/2025\/10\/web_abraca-me-copy-768x512.jpg 768w, https:\/\/calapez.art\/wp-content\/uploads\/2025\/10\/web_abraca-me-copy-1536x1024.jpg 1536w, https:\/\/calapez.art\/wp-content\/uploads\/2025\/10\/web_abraca-me-copy-18x12.jpg 18w, https:\/\/calapez.art\/wp-content\/uploads\/2025\/10\/web_abraca-me-copy-600x400.jpg 600w\" sizes=\"auto, (max-width: 2048px) 100vw, 2048px\" \/><\/figure>\n\n\n\n<div class=\"wp-block-group has-global-padding is-layout-constrained wp-block-group-is-layout-constrained\" style=\"margin-top:-12vw\"><\/div>\n<\/div>\n\n\n\n<div class=\"wp-block-column is-vertically-aligned-center is-layout-flow wp-block-column-is-layout-flow\" style=\"padding-right:0;padding-left:0;flex-basis:50%\">\n\n\n\n\n<p class=\"is-style-text-subtitle is-style-text-subtitle--3\" style=\"font-size:clamp(1.092rem, 1.092rem + ((1vw - 0.2rem) * 0.954), 1.7rem);\">Com uma vida moldada pela explora\u00e7\u00e3o art\u00edstica \u2014 do teatro \u00e0 pintura, passando pela fotografia e poesia \u2014 construiu um percurso criativo rico e multidisciplinar. A sua obra nasce de experi\u00eancias pessoais, da performance e da narrativa visual, num processo em constante evolu\u00e7\u00e3o entre Lisboa e o sul de Portugal.<\/p>\n\n\n\n<div class=\"wp-block-buttons is-layout-flex wp-container-core-buttons-is-layout-219c9059 wp-block-buttons-is-layout-flex\" style=\"border-top-left-radius:0px;border-top-right-radius:0px;border-bottom-left-radius:0px;border-bottom-right-radius:0px;margin-top:0;margin-bottom:0;padding-top:var(--wp--preset--spacing--20);padding-bottom:var(--wp--preset--spacing--20)\">\n<div class=\"wp-block-button\"><a class=\"wp-block-button__link wp-element-button\" href=\"https:\/\/calapez.art\/pt\/sobre-mim\/\" style=\"border-top-left-radius:0px;border-top-right-radius:0px;border-bottom-left-radius:0px;border-bottom-right-radius:0px\">Ver Bio<\/a><\/div>\n<\/div>\n<\/div>\n<\/div>\n<\/div>\n\n\n\n<div class=\"wp-block-group alignfull is-style-default has-global-padding is-layout-constrained wp-container-core-group-is-layout-ebee8dc1 wp-block-group-is-layout-constrained\" style=\"margin-top:0;margin-bottom:0;padding-top:var(--wp--preset--spacing--50);padding-bottom:var(--wp--preset--spacing--50)\">\n\n\n<h2 class=\"wp-block-heading alignwide\">Arte<\/h2>\n\n\n\n\n\n<div class=\"wp-block-group alignfull has-global-padding is-layout-constrained wp-block-group-is-layout-constrained\" style=\"margin-top:0;margin-bottom:0;padding-top:var(--wp--preset--spacing--50);padding-bottom:var(--wp--preset--spacing--50)\">\n<div class=\"wp-block-columns alignwide is-layout-flex wp-container-core-columns-is-layout-47c06fe3 wp-block-columns-is-layout-flex\">\n<div class=\"wp-block-column is-layout-flow wp-block-column-is-layout-flow\" style=\"flex-basis:30%\"><\/div>\n\n\n\n<div class=\"wp-block-column is-vertically-aligned-center is-layout-flow wp-container-core-column-is-layout-119bc444 wp-block-column-is-layout-flow\" style=\"flex-basis:70%\">\n\n\n<p>Quatro formas, um s\u00f3 gesto criador.<br>Entre linhas desenhadas, luz capturada, cor sentida e palavras sussurradas, constr\u00f3i-se um mundo onde o \u00edntimo encontra forma.<br>Cada tra\u00e7o, cada imagem, cada verso \u00e9 um eco do que pulsa por dentro \u2014 uma tentativa de tocar o invis\u00edvel, de dar corpo ao indiz\u00edvel.<\/p>\n\n\n\n\n\n<div class=\"wp-block-buttons is-layout-flex wp-block-buttons-is-layout-flex\">\n<div class=\"wp-block-button\"><a class=\"wp-block-button__link wp-element-button\" href=\"https:\/\/calapez.art\/pt\/work\/\" style=\"border-radius:0px\">Ver Portf\u00f3lio<\/a><\/div>\n<\/div>\n<\/div>\n<\/div>\n<\/div>\n<\/div>\n\n\n\n<aside class=\"wp-block-group alignfull is-style-section-1 has-global-padding is-layout-constrained wp-container-core-group-is-layout-f0f2a97b wp-block-group-is-layout-constrained is-style-section-1--8\" style=\"margin-top:0;margin-bottom:0;padding-top:var(--wp--preset--spacing--50);padding-right:var(--wp--preset--spacing--50);padding-bottom:var(--wp--preset--spacing--50);padding-left:var(--wp--preset--spacing--50)\">\n<div class=\"wp-block-group is-vertical is-content-justification-center is-layout-flex wp-container-core-group-is-layout-8778ca4a wp-block-group-is-layout-flex\" style=\"min-height:360px;margin-top:0;margin-bottom:0\">\n\n\n<h2 class=\"wp-block-heading has-text-align-center has-xx-large-font-size\">Subscreva o meu trabalho futuro<\/h2>\n\n\n\n\n\n<p class=\"has-text-align-center is-style-text-subtitle is-style-text-subtitle--10\">Tenha acesso a uma cole\u00e7\u00e3o selecionada de momentos hist\u00f3ricos com fotografias de relev\u00e2ncia hist\u00f3rica.<\/p>\n\n\n\n<div style=\"padding:0\" class=\"wp-block-tnp-minimal\"><p><\/p><div><div class=\"tnp tnp-subscription\">\n<form method=\"post\" action=\"https:\/\/calapez.art\/wp-admin\/admin-ajax.php?action=tnp&amp;na=s\">\n<input type=\"hidden\" name=\"nlang\" value=\"\">\n<div class=\"tnp-field tnp-field-firstname\"><label for=\"tnp-1\">First name<\/label>\n<input class=\"tnp-name\" type=\"text\" name=\"nn\" id=\"tnp-1\" value=\"\" placeholder=\"\"><\/div>\n<div class=\"tnp-field tnp-field-email\"><label for=\"tnp-2\">Email<\/label>\n<input class=\"tnp-email\" type=\"email\" name=\"ne\" id=\"tnp-2\" value=\"\" placeholder=\"\" required><\/div>\n<div class=\"tnp-field tnp-field-button\" style=\"text-align: left\"><input class=\"tnp-submit\" type=\"submit\" value=\"Subscrever\" style=\"\">\n<\/div>\n<\/form>\n<\/div>\n<\/div><\/div>\n<\/div>\n<\/aside>\n\n\n\n<section class=\"wp-block-group alignfull has-global-padding is-layout-constrained wp-container-core-group-is-layout-08655630 wp-block-group-is-layout-constrained\" id=\"contacts\" style=\"margin-top:0;margin-bottom:0;padding-top:var(--wp--preset--spacing--80);padding-bottom:var(--wp--preset--spacing--80)\">\n\n\n<div class=\"wp-block-group alignwide is-layout-flow wp-block-group-is-layout-flow\">\n<p class=\"has-text-align-center is-style-text-display is-style-text-display--14\" style=\"font-style:normal;font-weight:400\">Tem alguma d\u00favida? Ligue<\/p>\n\n\n\n<p class=\"has-text-align-center is-style-text-display is-style-text-display--15\" style=\"font-style:normal;font-weight:400\"><a href=\"tel:+351912345678\" rel=\"nofollow\"><\/a><a href=\"tel:912345678\" target=\"_blank\" rel=\"noreferrer noopener\">+351 912345678<\/a><\/p>\n\n\n\n<p class=\"has-text-align-center is-style-text-display is-style-text-display--16\" style=\"font-style:normal;font-weight:400\">ou via email para <a href=\"mailto:me@calapez.art\" target=\"_blank\" rel=\"noreferrer noopener\">me@calapez.art<\/a><\/p>\n\n\n\n<div style=\"height:var(--wp--preset--spacing--40)\" aria-hidden=\"true\" class=\"wp-block-spacer\"><\/div>\n\n\n\n<ul class=\"wp-block-social-links has-icon-color is-style-logos-only is-content-justification-center is-layout-flex wp-container-core-social-links-is-layout-a89b3969 wp-block-social-links-is-layout-flex\"><li class=\"wp-social-link wp-social-link-twitter has-contrast-color wp-block-social-link\"><a href=\"#\" class=\"wp-block-social-link-anchor\"><svg width=\"24\" height=\"24\" viewbox=\"0 0 24 24\" version=\"1.1\" xmlns=\"http:\/\/www.w3.org\/2000\/svg\" aria-hidden=\"true\" focusable=\"false\"><path d=\"M22.23,5.924c-0.736,0.326-1.527,0.547-2.357,0.646c0.847-0.508,1.498-1.312,1.804-2.27 c-0.793,0.47-1.671,0.812-2.606,0.996C18.324,4.498,17.257,4,16.077,4c-2.266,0-4.103,1.837-4.103,4.103 c0,0.322,0.036,0.635,0.106,0.935C8.67,8.867,5.647,7.234,3.623,4.751C3.27,5.357,3.067,6.062,3.067,6.814 c0,1.424,0.724,2.679,1.825,3.415c-0.673-0.021-1.305-0.206-1.859-0.513c0,0.017,0,0.034,0,0.052c0,1.988,1.414,3.647,3.292,4.023 c-0.344,0.094-0.707,0.144-1.081,0.144c-0.264,0-0.521-0.026-0.772-0.074c0.522,1.63,2.038,2.816,3.833,2.85 c-1.404,1.1-3.174,1.756-5.096,1.756c-0.331,0-0.658-0.019-0.979-0.057c1.816,1.164,3.973,1.843,6.29,1.843 c7.547,0,11.675-6.252,11.675-11.675c0-0.178-0.004-0.355-0.012-0.531C20.985,7.47,21.68,6.747,22.23,5.924z\"><\/path><\/svg><span class=\"wp-block-social-link-label screen-reader-text\">Twitter<\/span><\/a><\/li>\n\n<li class=\"wp-social-link wp-social-link-facebook has-contrast-color wp-block-social-link\"><a href=\"#\" class=\"wp-block-social-link-anchor\"><svg width=\"24\" height=\"24\" viewbox=\"0 0 24 24\" version=\"1.1\" xmlns=\"http:\/\/www.w3.org\/2000\/svg\" aria-hidden=\"true\" focusable=\"false\"><path d=\"M12 2C6.5 2 2 6.5 2 12c0 5 3.7 9.1 8.4 9.9v-7H7.9V12h2.5V9.8c0-2.5 1.5-3.9 3.8-3.9 1.1 0 2.2.2 2.2.2v2.5h-1.3c-1.2 0-1.6.8-1.6 1.6V12h2.8l-.4 2.9h-2.3v7C18.3 21.1 22 17 22 12c0-5.5-4.5-10-10-10z\"><\/path><\/svg><span class=\"wp-block-social-link-label screen-reader-text\">Facebook<\/span><\/a><\/li>\n\n<li class=\"wp-social-link wp-social-link-instagram has-contrast-color wp-block-social-link\"><a href=\"#\" class=\"wp-block-social-link-anchor\"><svg width=\"24\" height=\"24\" viewbox=\"0 0 24 24\" version=\"1.1\" xmlns=\"http:\/\/www.w3.org\/2000\/svg\" aria-hidden=\"true\" focusable=\"false\"><path d=\"M12,4.622c2.403,0,2.688,0.009,3.637,0.052c0.877,0.04,1.354,0.187,1.671,0.31c0.42,0.163,0.72,0.358,1.035,0.673 c0.315,0.315,0.51,0.615,0.673,1.035c0.123,0.317,0.27,0.794,0.31,1.671c0.043,0.949,0.052,1.234,0.052,3.637 s-0.009,2.688-0.052,3.637c-0.04,0.877-0.187,1.354-0.31,1.671c-0.163,0.42-0.358,0.72-0.673,1.035 c-0.315,0.315-0.615,0.51-1.035,0.673c-0.317,0.123-0.794,0.27-1.671,0.31c-0.949,0.043-1.233,0.052-3.637,0.052 s-2.688-0.009-3.637-0.052c-0.877-0.04-1.354-0.187-1.671-0.31c-0.42-0.163-0.72-0.358-1.035-0.673 c-0.315-0.315-0.51-0.615-0.673-1.035c-0.123-0.317-0.27-0.794-0.31-1.671C4.631,14.688,4.622,14.403,4.622,12 s0.009-2.688,0.052-3.637c0.04-0.877,0.187-1.354,0.31-1.671c0.163-0.42,0.358-0.72,0.673-1.035 c0.315-0.315,0.615-0.51,1.035-0.673c0.317-0.123,0.794-0.27,1.671-0.31C9.312,4.631,9.597,4.622,12,4.622 M12,3 C9.556,3,9.249,3.01,8.289,3.054C7.331,3.098,6.677,3.25,6.105,3.472C5.513,3.702,5.011,4.01,4.511,4.511 c-0.5,0.5-0.808,1.002-1.038,1.594C3.25,6.677,3.098,7.331,3.054,8.289C3.01,9.249,3,9.556,3,12c0,2.444,0.01,2.751,0.054,3.711 c0.044,0.958,0.196,1.612,0.418,2.185c0.23,0.592,0.538,1.094,1.038,1.594c0.5,0.5,1.002,0.808,1.594,1.038 c0.572,0.222,1.227,0.375,2.185,0.418C9.249,20.99,9.556,21,12,21s2.751-0.01,3.711-0.054c0.958-0.044,1.612-0.196,2.185-0.418 c0.592-0.23,1.094-0.538,1.594-1.038c0.5-0.5,0.808-1.002,1.038-1.594c0.222-0.572,0.375-1.227,0.418-2.185 C20.99,14.751,21,14.444,21,12s-0.01-2.751-0.054-3.711c-0.044-0.958-0.196-1.612-0.418-2.185c-0.23-0.592-0.538-1.094-1.038-1.594 c-0.5-0.5-1.002-0.808-1.594-1.038c-0.572-0.222-1.227-0.375-2.185-0.418C14.751,3.01,14.444,3,12,3L12,3z M12,7.378 c-2.552,0-4.622,2.069-4.622,4.622S9.448,16.622,12,16.622s4.622-2.069,4.622-4.622S14.552,7.378,12,7.378z M12,15 c-1.657,0-3-1.343-3-3s1.343-3,3-3s3,1.343,3,3S13.657,15,12,15z M16.804,6.116c-0.596,0-1.08,0.484-1.08,1.08 s0.484,1.08,1.08,1.08c0.596,0,1.08-0.484,1.08-1.08S17.401,6.116,16.804,6.116z\"><\/path><\/svg><span class=\"wp-block-social-link-label screen-reader-text\">Instagram<\/span><\/a><\/li>\n\n<li class=\"wp-social-link wp-social-link-pinterest has-contrast-color wp-block-social-link\"><a href=\"#\" class=\"wp-block-social-link-anchor\"><svg width=\"24\" height=\"24\" viewbox=\"0 0 24 24\" version=\"1.1\" xmlns=\"http:\/\/www.w3.org\/2000\/svg\" aria-hidden=\"true\" focusable=\"false\"><path d=\"M12.289,2C6.617,2,3.606,5.648,3.606,9.622c0,1.846,1.025,4.146,2.666,4.878c0.25,0.111,0.381,0.063,0.439-0.169 c0.044-0.175,0.267-1.029,0.365-1.428c0.032-0.128,0.017-0.237-0.091-0.362C6.445,11.911,6.01,10.75,6.01,9.668 c0-2.777,2.194-5.464,5.933-5.464c3.23,0,5.49,2.108,5.49,5.122c0,3.407-1.794,5.768-4.13,5.768c-1.291,0-2.257-1.021-1.948-2.277 c0.372-1.495,1.089-3.112,1.089-4.191c0-0.967-0.542-1.775-1.663-1.775c-1.319,0-2.379,1.309-2.379,3.059 c0,1.115,0.394,1.869,0.394,1.869s-1.302,5.279-1.54,6.261c-0.405,1.666,0.053,4.368,0.094,4.604 c0.021,0.126,0.167,0.169,0.25,0.063c0.129-0.165,1.699-2.419,2.142-4.051c0.158-0.59,0.817-2.995,0.817-2.995 c0.43,0.784,1.681,1.446,3.013,1.446c3.963,0,6.822-3.494,6.822-7.833C20.394,5.112,16.849,2,12.289,2\"><\/path><\/svg><span class=\"wp-block-social-link-label screen-reader-text\">Pinterest<\/span><\/a><\/li><\/ul>\n<\/div>\n<\/section>","protected":false},"excerpt":{"rendered":"<p>Sobre Mim Com uma vida moldada pela explora\u00e7\u00e3o art\u00edstica \u2014 do teatro \u00e0 pintura, passando pela fotografia e poesia \u2014 construiu um percurso criativo rico e multidisciplinar. A sua obra nasce de experi\u00eancias pessoais, da performance e da narrativa visual, num processo em constante evolu\u00e7\u00e3o entre Lisboa e o sul de Portugal. Arte Drawing Tal [&hellip;]<\/p>","protected":false},"author":1,"featured_media":0,"parent":0,"menu_order":0,"comment_status":"closed","ping_status":"closed","template":"page-no-title","meta":{"iawp_total_views":183,"footnotes":""},"class_list":["post-152","page","type-page","status-publish","hentry"],"yoast_head":"<!-- This site is optimized with the Yoast SEO plugin v26.7 - https:\/\/yoast.com\/wordpress\/plugins\/seo\/ -->\n<title>Home-new - Helena Cola\u00e7o<\/title>\n<meta name=\"robots\" content=\"index, follow, max-snippet:-1, max-image-preview:large, max-video-preview:-1\" \/>\n<link rel=\"canonical\" href=\"https:\/\/calapez.art\/pt\/\" \/>\n<meta property=\"og:locale\" content=\"pt_PT\" \/>\n<meta property=\"og:type\" content=\"article\" \/>\n<meta property=\"og:title\" content=\"Home-new - Helena Cola\u00e7o\" \/>\n<meta property=\"og:description\" content=\"Sobre Mim Com uma vida moldada pela explora\u00e7\u00e3o art\u00edstica \u2014 do teatro \u00e0 pintura, passando pela fotografia e poesia \u2014 construiu um percurso criativo rico e multidisciplinar. A sua obra nasce de experi\u00eancias pessoais, da performance e da narrativa visual, num processo em constante evolu\u00e7\u00e3o entre Lisboa e o sul de Portugal. Arte Drawing Tal [&hellip;]\" \/>\n<meta property=\"og:url\" content=\"https:\/\/calapez.art\/pt\/\" \/>\n<meta property=\"og:site_name\" content=\"Helena Cola\u00e7o\" \/>\n<meta property=\"article:modified_time\" content=\"2026-01-27T18:05:57+00:00\" \/>\n<meta property=\"og:image\" content=\"https:\/\/calapez.art\/wp-content\/uploads\/2025\/10\/web_abraca-me-copy.jpg\" \/>\n\t<meta property=\"og:image:width\" content=\"2048\" \/>\n\t<meta property=\"og:image:height\" content=\"1365\" \/>\n\t<meta property=\"og:image:type\" content=\"image\/jpeg\" \/>\n<meta name=\"twitter:card\" content=\"summary_large_image\" \/>\n<meta name=\"twitter:label1\" content=\"Tempo estimado de leitura\" \/>\n\t<meta name=\"twitter:data1\" content=\"3 minutos\" \/>\n<script type=\"application\/ld+json\" class=\"yoast-schema-graph\">{\"@context\":\"https:\/\/schema.org\",\"@graph\":[{\"@type\":\"WebPage\",\"@id\":\"https:\/\/calapez.art\/\",\"url\":\"https:\/\/calapez.art\/\",\"name\":\"Home-new - Helena Cola\u00e7o\",\"isPartOf\":{\"@id\":\"https:\/\/calapez.art\/#website\"},\"primaryImageOfPage\":{\"@id\":\"https:\/\/calapez.art\/#primaryimage\"},\"image\":{\"@id\":\"https:\/\/calapez.art\/#primaryimage\"},\"thumbnailUrl\":\"https:\/\/calapez.art\/wp-content\/uploads\/2025\/10\/web_abraca-me-copy.jpg\",\"datePublished\":\"2025-09-25T12:13:55+00:00\",\"dateModified\":\"2026-01-27T18:05:57+00:00\",\"breadcrumb\":{\"@id\":\"https:\/\/calapez.art\/#breadcrumb\"},\"inLanguage\":\"pt-PT\",\"potentialAction\":[{\"@type\":\"ReadAction\",\"target\":[\"https:\/\/calapez.art\/\"]}]},{\"@type\":\"ImageObject\",\"inLanguage\":\"pt-PT\",\"@id\":\"https:\/\/calapez.art\/#primaryimage\",\"url\":\"https:\/\/calapez.art\/wp-content\/uploads\/2025\/10\/web_abraca-me-copy.jpg\",\"contentUrl\":\"https:\/\/calapez.art\/wp-content\/uploads\/2025\/10\/web_abraca-me-copy.jpg\"},{\"@type\":\"BreadcrumbList\",\"@id\":\"https:\/\/calapez.art\/#breadcrumb\",\"itemListElement\":[{\"@type\":\"ListItem\",\"position\":1,\"name\":\"In\u00edcio\",\"item\":\"https:\/\/calapez.art\/\"},{\"@type\":\"ListItem\",\"position\":2,\"name\":\"Home-new\"}]},{\"@type\":\"WebSite\",\"@id\":\"https:\/\/calapez.art\/#website\",\"url\":\"https:\/\/calapez.art\/\",\"name\":\"Calapez.art\",\"description\":\"Through lines, colors, lenses, and words \u2014 a journey of self-expression, where each stroke, click, and verse unveils a new dimension of the soul.\",\"publisher\":{\"@id\":\"https:\/\/calapez.art\/#\/schema\/person\/f7a840550ae05cf8706cafa1b49aad49\"},\"potentialAction\":[{\"@type\":\"SearchAction\",\"target\":{\"@type\":\"EntryPoint\",\"urlTemplate\":\"https:\/\/calapez.art\/?s={search_term_string}\"},\"query-input\":{\"@type\":\"PropertyValueSpecification\",\"valueRequired\":true,\"valueName\":\"search_term_string\"}}],\"inLanguage\":\"pt-PT\"},{\"@type\":[\"Person\",\"Organization\"],\"@id\":\"https:\/\/calapez.art\/#\/schema\/person\/f7a840550ae05cf8706cafa1b49aad49\",\"name\":\"lena\",\"image\":{\"@type\":\"ImageObject\",\"inLanguage\":\"pt-PT\",\"@id\":\"https:\/\/calapez.art\/#\/schema\/person\/image\/\",\"url\":\"https:\/\/calapez.art\/wp-content\/uploads\/2025\/06\/calapez.png\",\"contentUrl\":\"https:\/\/calapez.art\/wp-content\/uploads\/2025\/06\/calapez.png\",\"width\":1024,\"height\":1024,\"caption\":\"lena\"},\"logo\":{\"@id\":\"https:\/\/calapez.art\/#\/schema\/person\/image\/\"},\"sameAs\":[\"http:\/\/calapez.art\"]}]}<\/script>\n<!-- \/ Yoast SEO plugin. -->","yoast_head_json":{"title":"Home-new - Helena Cola\u00e7o","robots":{"index":"index","follow":"follow","max-snippet":"max-snippet:-1","max-image-preview":"max-image-preview:large","max-video-preview":"max-video-preview:-1"},"canonical":"https:\/\/calapez.art\/pt\/","og_locale":"pt_PT","og_type":"article","og_title":"Home-new - Helena Cola\u00e7o","og_description":"Sobre Mim Com uma vida moldada pela explora\u00e7\u00e3o art\u00edstica \u2014 do teatro \u00e0 pintura, passando pela fotografia e poesia \u2014 construiu um percurso criativo rico e multidisciplinar. A sua obra nasce de experi\u00eancias pessoais, da performance e da narrativa visual, num processo em constante evolu\u00e7\u00e3o entre Lisboa e o sul de Portugal. Arte Drawing Tal [&hellip;]","og_url":"https:\/\/calapez.art\/pt\/","og_site_name":"Helena Cola\u00e7o","article_modified_time":"2026-01-27T18:05:57+00:00","og_image":[{"width":2048,"height":1365,"url":"https:\/\/calapez.art\/wp-content\/uploads\/2025\/10\/web_abraca-me-copy.jpg","type":"image\/jpeg"}],"twitter_card":"summary_large_image","twitter_misc":{"Tempo estimado de leitura":"3 minutos"},"schema":{"@context":"https:\/\/schema.org","@graph":[{"@type":"WebPage","@id":"https:\/\/calapez.art\/","url":"https:\/\/calapez.art\/","name":"Home-new - Helena Cola\u00e7o","isPartOf":{"@id":"https:\/\/calapez.art\/#website"},"primaryImageOfPage":{"@id":"https:\/\/calapez.art\/#primaryimage"},"image":{"@id":"https:\/\/calapez.art\/#primaryimage"},"thumbnailUrl":"https:\/\/calapez.art\/wp-content\/uploads\/2025\/10\/web_abraca-me-copy.jpg","datePublished":"2025-09-25T12:13:55+00:00","dateModified":"2026-01-27T18:05:57+00:00","breadcrumb":{"@id":"https:\/\/calapez.art\/#breadcrumb"},"inLanguage":"pt-PT","potentialAction":[{"@type":"ReadAction","target":["https:\/\/calapez.art\/"]}]},{"@type":"ImageObject","inLanguage":"pt-PT","@id":"https:\/\/calapez.art\/#primaryimage","url":"https:\/\/calapez.art\/wp-content\/uploads\/2025\/10\/web_abraca-me-copy.jpg","contentUrl":"https:\/\/calapez.art\/wp-content\/uploads\/2025\/10\/web_abraca-me-copy.jpg"},{"@type":"BreadcrumbList","@id":"https:\/\/calapez.art\/#breadcrumb","itemListElement":[{"@type":"ListItem","position":1,"name":"In\u00edcio","item":"https:\/\/calapez.art\/"},{"@type":"ListItem","position":2,"name":"Home-new"}]},{"@type":"WebSite","@id":"https:\/\/calapez.art\/#website","url":"https:\/\/calapez.art\/","name":"Calapez.art","description":"Through lines, colors, lenses, and words \u2014 a journey of self-expression, where each stroke, click, and verse unveils a new dimension of the soul.","publisher":{"@id":"https:\/\/calapez.art\/#\/schema\/person\/f7a840550ae05cf8706cafa1b49aad49"},"potentialAction":[{"@type":"SearchAction","target":{"@type":"EntryPoint","urlTemplate":"https:\/\/calapez.art\/?s={search_term_string}"},"query-input":{"@type":"PropertyValueSpecification","valueRequired":true,"valueName":"search_term_string"}}],"inLanguage":"pt-PT"},{"@type":["Person","Organization"],"@id":"https:\/\/calapez.art\/#\/schema\/person\/f7a840550ae05cf8706cafa1b49aad49","name":"lena","image":{"@type":"ImageObject","inLanguage":"pt-PT","@id":"https:\/\/calapez.art\/#\/schema\/person\/image\/","url":"https:\/\/calapez.art\/wp-content\/uploads\/2025\/06\/calapez.png","contentUrl":"https:\/\/calapez.art\/wp-content\/uploads\/2025\/06\/calapez.png","width":1024,"height":1024,"caption":"lena"},"logo":{"@id":"https:\/\/calapez.art\/#\/schema\/person\/image\/"},"sameAs":["http:\/\/calapez.art"]}]}},"_links":{"self":[{"href":"https:\/\/calapez.art\/pt\/wp-json\/wp\/v2\/pages\/152","targetHints":{"allow":["GET"]}}],"collection":[{"href":"https:\/\/calapez.art\/pt\/wp-json\/wp\/v2\/pages"}],"about":[{"href":"https:\/\/calapez.art\/pt\/wp-json\/wp\/v2\/types\/page"}],"author":[{"embeddable":true,"href":"https:\/\/calapez.art\/pt\/wp-json\/wp\/v2\/users\/1"}],"replies":[{"embeddable":true,"href":"https:\/\/calapez.art\/pt\/wp-json\/wp\/v2\/comments?post=152"}],"version-history":[{"count":54,"href":"https:\/\/calapez.art\/pt\/wp-json\/wp\/v2\/pages\/152\/revisions"}],"predecessor-version":[{"id":404,"href":"https:\/\/calapez.art\/pt\/wp-json\/wp\/v2\/pages\/152\/revisions\/404"}],"wp:attachment":[{"href":"https:\/\/calapez.art\/pt\/wp-json\/wp\/v2\/media?parent=152"}],"curies":[{"name":"wp","href":"https:\/\/api.w.org\/{rel}","templated":true}]}}