{"id":36,"date":"2025-06-02T16:24:15","date_gmt":"2025-06-02T16:24:15","guid":{"rendered":"https:\/\/calapez.art\/?page_id=36"},"modified":"2026-01-10T23:13:03","modified_gmt":"2026-01-10T23:13:03","slug":"sobre-mim","status":"publish","type":"page","link":"https:\/\/calapez.art\/pt\/sobre-mim\/","title":{"rendered":"Bio"},"content":{"rendered":"<div class=\"wp-block-group is-vertical is-content-justification-stretch is-layout-flex wp-container-core-group-is-layout-444d5ee8 wp-block-group-is-layout-flex\" style=\"min-height:100%\">\n<p class=\"has-heading-font-family has-x-large-font-size\" style=\"line-height:1.2\">Helena Cola\u00e7o Salazar<\/p>\n\n\n\n<figure class=\"wp-block-image size-large\"><img loading=\"lazy\" decoding=\"async\" width=\"1024\" height=\"534\" src=\"https:\/\/calapez.art\/wp-content\/uploads\/2025\/10\/web_capa_autoretrato_MG_6271-copy-1024x534.jpg\" alt=\"\" class=\"wp-image-271\" srcset=\"https:\/\/calapez.art\/wp-content\/uploads\/2025\/10\/web_capa_autoretrato_MG_6271-copy-1024x534.jpg 1024w, https:\/\/calapez.art\/wp-content\/uploads\/2025\/10\/web_capa_autoretrato_MG_6271-copy-300x156.jpg 300w, https:\/\/calapez.art\/wp-content\/uploads\/2025\/10\/web_capa_autoretrato_MG_6271-copy-768x401.jpg 768w, https:\/\/calapez.art\/wp-content\/uploads\/2025\/10\/web_capa_autoretrato_MG_6271-copy-1536x801.jpg 1536w, https:\/\/calapez.art\/wp-content\/uploads\/2025\/10\/web_capa_autoretrato_MG_6271-copy-18x9.jpg 18w, https:\/\/calapez.art\/wp-content\/uploads\/2025\/10\/web_capa_autoretrato_MG_6271-copy-600x313.jpg 600w, https:\/\/calapez.art\/wp-content\/uploads\/2025\/10\/web_capa_autoretrato_MG_6271-copy.jpg 2048w\" sizes=\"auto, (max-width: 1024px) 100vw, 1024px\" \/><\/figure>\n\n\n\n\n\n<div class=\"wp-block-group has-global-padding is-content-justification-left is-layout-constrained wp-container-core-group-is-layout-353cc7fb wp-block-group-is-layout-constrained\">\n<p class=\"wp-container-content-0733e5d0\">Desde muito jovem revelou interesse pelas artes, gostando de desenhar, ver fotografias, dan\u00e7ar e praticar outros desportos. Aos treze anos perdeu o pai, acontecimento que a levou, de forma espont\u00e2nea, a escrever poemas e a desenhar, escolhendo a \u00e1rea art\u00edstica no ensino secund\u00e1rio.<\/p>\n\n\n\n<p>Iniciou o seu percurso no teatro, onde trabalhou como atriz durante onze anos.<\/p>\n\n\n\n<p>Em 2005 regressou ao desenho atrav\u00e9s do desenvolvimento da personagem&nbsp;<em>Kelly<\/em>, da pe\u00e7a de Wayne Jordan,&nbsp;<em>The Drowned World<\/em>. Desta experi\u00eancia nasceu a exposi\u00e7\u00e3o p\u00fablica de desenhos intitulada&nbsp;<em>O Mundo Imagin\u00e1rio de Kelly<\/em>. Mais tarde, em 2010, apresentou a sua primeira exposi\u00e7\u00e3o individual de pintura,&nbsp;<em>Apar\u00eancias<\/em>, igualmente resultado de uma pe\u00e7a de teatro com o mesmo nome, apresentada na Sociedade de Instru\u00e7\u00e3o Guilherme Cossoul.<\/p>\n\n\n\n<p>O desejo de explorar novas formas de express\u00e3o para al\u00e9m da representa\u00e7\u00e3o levou-a a estudar Novas T\u00e9cnicas de Pintura na Sociedade Nacional de Belas Artes e a frequentar o curso de Fotografia do Instituto Portugu\u00eas de Fotografia.<\/p>\n\n\n\n<p>Realizou est\u00e1gios como fotojornalista nos jornais&nbsp;<em>P\u00fablico<\/em>&nbsp;e&nbsp;<em>i<\/em>, tendo tamb\u00e9m fotografado pe\u00e7as de teatro, concertos, inaugura\u00e7\u00f5es, arquitetura e desenvolvido trabalhos de fotografia de autor.<\/p>\n\n\n\n<p>Em 2014 mudou-se para Tr\u00f3ia, onde viveu tr\u00eas anos a desenvolver o conceito de&nbsp;<em>Identidade<\/em>, que a conduziu a um per\u00edodo de vida n\u00f3mada entre 2017 e 2023. Nesse ano regressou a Tr\u00f3ia e come\u00e7ou a preparar a sua nova exposi\u00e7\u00e3o individual de pintura,&nbsp;<em>Das Pinturas da Minha M\u00e3e<\/em>, apresentada na F\u00e1brica do Bra\u00e7o de Prata, em Lisboa, em 2025. Participou tamb\u00e9m em diversas exposi\u00e7\u00f5es coletivas de fotografia e pintura ao longo desses anos.<\/p>\n\n\n\n<p class=\"wp-container-content-0733e5d0\">Atualmente divide o seu tempo entre Lisboa e o sul de Portugal, expandindo continuamente as suas compet\u00eancias criativas enquanto artista pl\u00e1stica.<\/p>\n\n\n\n<div class=\"wp-block-buttons is-layout-flex wp-block-buttons-is-layout-flex\">\n<div class=\"wp-block-button\"><a class=\"wp-block-button__link wp-element-button\" href=\"https:\/\/calapez.art\/pt\/work\/\" style=\"border-radius:0px\">Ver Arte<\/a><\/div>\n\n\n\n<div class=\"wp-block-button is-style-outline is-style-outline--2\"><a class=\"wp-block-button__link wp-element-button\" href=\"https:\/\/calapez.art\/pt\/#contacts\" style=\"border-radius:0px\">Contactos<\/a><\/div>\n<\/div>\n<\/div>\n<\/div>","protected":false},"excerpt":{"rendered":"<p>Helena Cola\u00e7o Salazar From an early age, she revealed a strong interest in the arts, enjoying drawing, photography, dance and other sports. At the age of thirteen she lost her father, an event that spontaneously led her to write poetry and draw, later choosing the arts field in high school. She began her career in [&hellip;]<\/p>","protected":false},"author":1,"featured_media":0,"parent":0,"menu_order":0,"comment_status":"closed","ping_status":"closed","template":"","meta":{"iawp_total_views":46,"footnotes":""},"class_list":["post-36","page","type-page","status-publish","hentry"],"yoast_head":"<!-- This site is optimized with the Yoast SEO plugin v26.7 - https:\/\/yoast.com\/wordpress\/plugins\/seo\/ -->\n<title>Bio - Helena Cola\u00e7o<\/title>\n<meta name=\"robots\" content=\"index, follow, max-snippet:-1, max-image-preview:large, max-video-preview:-1\" \/>\n<link rel=\"canonical\" href=\"https:\/\/calapez.art\/pt\/sobre-mim\/\" \/>\n<meta property=\"og:locale\" content=\"pt_PT\" \/>\n<meta property=\"og:type\" content=\"article\" \/>\n<meta property=\"og:title\" content=\"Bio - Helena Cola\u00e7o\" \/>\n<meta property=\"og:description\" content=\"Helena Cola\u00e7o Salazar From an early age, she revealed a strong interest in the arts, enjoying drawing, photography, dance and other sports. At the age of thirteen she lost her father, an event that spontaneously led her to write poetry and draw, later choosing the arts field in high school. She began her career in [&hellip;]\" \/>\n<meta property=\"og:url\" content=\"https:\/\/calapez.art\/pt\/sobre-mim\/\" \/>\n<meta property=\"og:site_name\" content=\"Helena Cola\u00e7o\" \/>\n<meta property=\"article:modified_time\" content=\"2026-01-10T23:13:03+00:00\" \/>\n<meta property=\"og:image\" content=\"https:\/\/calapez.art\/wp-content\/uploads\/2025\/10\/web_capa_autoretrato_MG_6271-copy.jpg\" \/>\n\t<meta property=\"og:image:width\" content=\"2048\" \/>\n\t<meta property=\"og:image:height\" content=\"1068\" \/>\n\t<meta property=\"og:image:type\" content=\"image\/jpeg\" \/>\n<meta name=\"twitter:card\" content=\"summary_large_image\" \/>\n<meta name=\"twitter:label1\" content=\"Tempo estimado de leitura\" \/>\n\t<meta name=\"twitter:data1\" content=\"1 minuto\" \/>\n<script type=\"application\/ld+json\" class=\"yoast-schema-graph\">{\"@context\":\"https:\/\/schema.org\",\"@graph\":[{\"@type\":\"WebPage\",\"@id\":\"https:\/\/calapez.art\/sobre-mim\/\",\"url\":\"https:\/\/calapez.art\/sobre-mim\/\",\"name\":\"Bio - Helena Cola\u00e7o\",\"isPartOf\":{\"@id\":\"https:\/\/calapez.art\/#website\"},\"primaryImageOfPage\":{\"@id\":\"https:\/\/calapez.art\/sobre-mim\/#primaryimage\"},\"image\":{\"@id\":\"https:\/\/calapez.art\/sobre-mim\/#primaryimage\"},\"thumbnailUrl\":\"https:\/\/calapez.art\/wp-content\/uploads\/2025\/10\/web_capa_autoretrato_MG_6271-copy-1024x534.jpg\",\"datePublished\":\"2025-06-02T16:24:15+00:00\",\"dateModified\":\"2026-01-10T23:13:03+00:00\",\"breadcrumb\":{\"@id\":\"https:\/\/calapez.art\/sobre-mim\/#breadcrumb\"},\"inLanguage\":\"pt-PT\",\"potentialAction\":[{\"@type\":\"ReadAction\",\"target\":[\"https:\/\/calapez.art\/sobre-mim\/\"]}]},{\"@type\":\"ImageObject\",\"inLanguage\":\"pt-PT\",\"@id\":\"https:\/\/calapez.art\/sobre-mim\/#primaryimage\",\"url\":\"https:\/\/calapez.art\/wp-content\/uploads\/2025\/10\/web_capa_autoretrato_MG_6271-copy-1024x534.jpg\",\"contentUrl\":\"https:\/\/calapez.art\/wp-content\/uploads\/2025\/10\/web_capa_autoretrato_MG_6271-copy-1024x534.jpg\"},{\"@type\":\"BreadcrumbList\",\"@id\":\"https:\/\/calapez.art\/sobre-mim\/#breadcrumb\",\"itemListElement\":[{\"@type\":\"ListItem\",\"position\":1,\"name\":\"In\u00edcio\",\"item\":\"https:\/\/calapez.art\/\"},{\"@type\":\"ListItem\",\"position\":2,\"name\":\"Bio\"}]},{\"@type\":\"WebSite\",\"@id\":\"https:\/\/calapez.art\/#website\",\"url\":\"https:\/\/calapez.art\/\",\"name\":\"Calapez.art\",\"description\":\"Through lines, colors, lenses, and words \u2014 a journey of self-expression, where each stroke, click, and verse unveils a new dimension of the soul.\",\"publisher\":{\"@id\":\"https:\/\/calapez.art\/#\/schema\/person\/f7a840550ae05cf8706cafa1b49aad49\"},\"potentialAction\":[{\"@type\":\"SearchAction\",\"target\":{\"@type\":\"EntryPoint\",\"urlTemplate\":\"https:\/\/calapez.art\/?s={search_term_string}\"},\"query-input\":{\"@type\":\"PropertyValueSpecification\",\"valueRequired\":true,\"valueName\":\"search_term_string\"}}],\"inLanguage\":\"pt-PT\"},{\"@type\":[\"Person\",\"Organization\"],\"@id\":\"https:\/\/calapez.art\/#\/schema\/person\/f7a840550ae05cf8706cafa1b49aad49\",\"name\":\"lena\",\"image\":{\"@type\":\"ImageObject\",\"inLanguage\":\"pt-PT\",\"@id\":\"https:\/\/calapez.art\/#\/schema\/person\/image\/\",\"url\":\"https:\/\/calapez.art\/wp-content\/uploads\/2025\/06\/calapez.png\",\"contentUrl\":\"https:\/\/calapez.art\/wp-content\/uploads\/2025\/06\/calapez.png\",\"width\":1024,\"height\":1024,\"caption\":\"lena\"},\"logo\":{\"@id\":\"https:\/\/calapez.art\/#\/schema\/person\/image\/\"},\"sameAs\":[\"http:\/\/calapez.art\"]}]}<\/script>\n<!-- \/ Yoast SEO plugin. -->","yoast_head_json":{"title":"Bio - Helena Cola\u00e7o","robots":{"index":"index","follow":"follow","max-snippet":"max-snippet:-1","max-image-preview":"max-image-preview:large","max-video-preview":"max-video-preview:-1"},"canonical":"https:\/\/calapez.art\/pt\/sobre-mim\/","og_locale":"pt_PT","og_type":"article","og_title":"Bio - Helena Cola\u00e7o","og_description":"Helena Cola\u00e7o Salazar From an early age, she revealed a strong interest in the arts, enjoying drawing, photography, dance and other sports. At the age of thirteen she lost her father, an event that spontaneously led her to write poetry and draw, later choosing the arts field in high school. She began her career in [&hellip;]","og_url":"https:\/\/calapez.art\/pt\/sobre-mim\/","og_site_name":"Helena Cola\u00e7o","article_modified_time":"2026-01-10T23:13:03+00:00","og_image":[{"width":2048,"height":1068,"url":"https:\/\/calapez.art\/wp-content\/uploads\/2025\/10\/web_capa_autoretrato_MG_6271-copy.jpg","type":"image\/jpeg"}],"twitter_card":"summary_large_image","twitter_misc":{"Tempo estimado de leitura":"1 minuto"},"schema":{"@context":"https:\/\/schema.org","@graph":[{"@type":"WebPage","@id":"https:\/\/calapez.art\/sobre-mim\/","url":"https:\/\/calapez.art\/sobre-mim\/","name":"Bio - Helena Cola\u00e7o","isPartOf":{"@id":"https:\/\/calapez.art\/#website"},"primaryImageOfPage":{"@id":"https:\/\/calapez.art\/sobre-mim\/#primaryimage"},"image":{"@id":"https:\/\/calapez.art\/sobre-mim\/#primaryimage"},"thumbnailUrl":"https:\/\/calapez.art\/wp-content\/uploads\/2025\/10\/web_capa_autoretrato_MG_6271-copy-1024x534.jpg","datePublished":"2025-06-02T16:24:15+00:00","dateModified":"2026-01-10T23:13:03+00:00","breadcrumb":{"@id":"https:\/\/calapez.art\/sobre-mim\/#breadcrumb"},"inLanguage":"pt-PT","potentialAction":[{"@type":"ReadAction","target":["https:\/\/calapez.art\/sobre-mim\/"]}]},{"@type":"ImageObject","inLanguage":"pt-PT","@id":"https:\/\/calapez.art\/sobre-mim\/#primaryimage","url":"https:\/\/calapez.art\/wp-content\/uploads\/2025\/10\/web_capa_autoretrato_MG_6271-copy-1024x534.jpg","contentUrl":"https:\/\/calapez.art\/wp-content\/uploads\/2025\/10\/web_capa_autoretrato_MG_6271-copy-1024x534.jpg"},{"@type":"BreadcrumbList","@id":"https:\/\/calapez.art\/sobre-mim\/#breadcrumb","itemListElement":[{"@type":"ListItem","position":1,"name":"In\u00edcio","item":"https:\/\/calapez.art\/"},{"@type":"ListItem","position":2,"name":"Bio"}]},{"@type":"WebSite","@id":"https:\/\/calapez.art\/#website","url":"https:\/\/calapez.art\/","name":"Calapez.art","description":"Through lines, colors, lenses, and words \u2014 a journey of self-expression, where each stroke, click, and verse unveils a new dimension of the soul.","publisher":{"@id":"https:\/\/calapez.art\/#\/schema\/person\/f7a840550ae05cf8706cafa1b49aad49"},"potentialAction":[{"@type":"SearchAction","target":{"@type":"EntryPoint","urlTemplate":"https:\/\/calapez.art\/?s={search_term_string}"},"query-input":{"@type":"PropertyValueSpecification","valueRequired":true,"valueName":"search_term_string"}}],"inLanguage":"pt-PT"},{"@type":["Person","Organization"],"@id":"https:\/\/calapez.art\/#\/schema\/person\/f7a840550ae05cf8706cafa1b49aad49","name":"lena","image":{"@type":"ImageObject","inLanguage":"pt-PT","@id":"https:\/\/calapez.art\/#\/schema\/person\/image\/","url":"https:\/\/calapez.art\/wp-content\/uploads\/2025\/06\/calapez.png","contentUrl":"https:\/\/calapez.art\/wp-content\/uploads\/2025\/06\/calapez.png","width":1024,"height":1024,"caption":"lena"},"logo":{"@id":"https:\/\/calapez.art\/#\/schema\/person\/image\/"},"sameAs":["http:\/\/calapez.art"]}]}},"_links":{"self":[{"href":"https:\/\/calapez.art\/pt\/wp-json\/wp\/v2\/pages\/36","targetHints":{"allow":["GET"]}}],"collection":[{"href":"https:\/\/calapez.art\/pt\/wp-json\/wp\/v2\/pages"}],"about":[{"href":"https:\/\/calapez.art\/pt\/wp-json\/wp\/v2\/types\/page"}],"author":[{"embeddable":true,"href":"https:\/\/calapez.art\/pt\/wp-json\/wp\/v2\/users\/1"}],"replies":[{"embeddable":true,"href":"https:\/\/calapez.art\/pt\/wp-json\/wp\/v2\/comments?post=36"}],"version-history":[{"count":6,"href":"https:\/\/calapez.art\/pt\/wp-json\/wp\/v2\/pages\/36\/revisions"}],"predecessor-version":[{"id":389,"href":"https:\/\/calapez.art\/pt\/wp-json\/wp\/v2\/pages\/36\/revisions\/389"}],"wp:attachment":[{"href":"https:\/\/calapez.art\/pt\/wp-json\/wp\/v2\/media?parent=36"}],"curies":[{"name":"wp","href":"https:\/\/api.w.org\/{rel}","templated":true}]}}