{"id":38,"date":"2025-06-02T16:25:27","date_gmt":"2025-06-02T16:25:27","guid":{"rendered":"https:\/\/calapez.art\/?page_id=38"},"modified":"2026-01-10T23:17:11","modified_gmt":"2026-01-10T23:17:11","slug":"work","status":"publish","type":"page","link":"https:\/\/calapez.art\/pt\/work\/","title":{"rendered":"Work"},"content":{"rendered":"<div class=\"wp-block-group alignwide has-global-padding is-layout-constrained wp-block-group-is-layout-constrained\">\n<h2 class=\"wp-block-heading has-xx-large-font-size\">Arte<\/h2>\n\n\n\n<h1 class=\"wp-block-heading alignwide has-text-align-center is-style-default has-xx-large-font-size\" style=\"line-height:1.2\">Explora o meu trabalho atrav\u00e9s de tr\u00eas formas de express\u00e3o art\u00edstica<\/h1>\n<\/div>\n\n\n\n<div style=\"height:23px\" aria-hidden=\"true\" class=\"wp-block-spacer\"><\/div>\n\n\n\n        \t\t\n                \n\t\t<div id=\"ymc-filter-1\"\n             class=\"ymc ymc-filter-grids ymc-container js-ymc-container ymc-filter-380 ymc-filter-380-1\"\n             data-params=\"{&quot;post_types&quot;:[&quot;post&quot;],&quot;taxonomies&quot;:[&quot;category&quot;],&quot;terms&quot;:[26,25,27,28,1],&quot;preloader_settings&quot;:{&quot;icon&quot;:&quot;wave_curve&quot;,&quot;filter_preloader&quot;:&quot;none&quot;,&quot;custom_filters_css&quot;:&quot;&quot;},&quot;filter_id&quot;:380,&quot;counter&quot;:1,&quot;page_id&quot;:0,&quot;paged&quot;:1}\"\n             data-loading-enabled=\"true\"\n             data-grid-style=\"masonry\"\n             data-filter-id=\"380\">\n\t\t\t\r\n\t    <style>\r\n\t    .ymc-filter-380, .ymc-extra-filter-380 {\r\n\t        --ymc-filter-font-family: Montserrat;\r\n\t        --ymc-filter-font-size: 16px;\r\n\t        --ymc-filter-font-weight: 400;\r\n\t        --ymc-filter-font-style: normal;\r\n\t        --ymc-filter-line-height: 1.4;\r\n\t        --ymc-filter-letter-spacing: 1;\r\n\t        --ymc-filter-text-transform: none;\r\n\t        --ymc-filter-background-color: #095c81;\r\n\t        --ymc-filter-color: #ffffff;\r\n\t        --ymc-filter-active-color: #ffffff;\r\n\t        --ymc-filter-active-background-color: #1f1f1f;\r\n\t        --ymc-filter-hover-text-color: #ffffff;\r\n\t        --ymc-filter-hover-background-color: #095c81;\r\n\t        --ymc-filter-justify-content: flex-start;\r\n\t        --ymc-filter-padding-top: 10px;\n--ymc-filter-padding-right: 20px;\n--ymc-filter-padding-bottom: 10px;\n--ymc-filter-padding-left: 20px;\n\r\n\t        --ymc-filter-margin-top: 0px;\n--ymc-filter-margin-right: 10px;\n--ymc-filter-margin-bottom: 10px;\n--ymc-filter-margin-left: 0px;\n\r\n\t\r\n\t        --ymc-post-title-font-family: Montserrat;\r\n\t        --ymc-post-title-font-size: 24px;\r\n\t        --ymc-post-title-font-weight: 600;\r\n\t        --ymc-post-title-text-transform: none;\r\n\t        --ymc-post-title-line-height: 1.4;\r\n\t        --ymc-post-title-letter-spacing: 1;\r\n\t        --ymc-post-title-color: #1f1f1f;\r\n\t\r\n\t        --ymc-post-meta-font-family: Montserrat;\r\n\t        --ymc-post-meta-font-size: 14px;\r\n\t        --ymc-post-meta-font-weight: 400;\r\n\t        --ymc-post-meta-color: #1f1f1f;\r\n\t\r\n\t        --ymc-post-excerpt-font-family: Montserrat;\r\n\t        --ymc-post-excerpt-font-size: 16px;\r\n\t        --ymc-post-excerpt-font-weight: 400;\r\n\t        --ymc-post-excerpt-line-height: 1.4;\r\n\t        --ymc-post-excerpt-font-style: normal;\r\n\t        --ymc-post-excerpt-transform: none;\r\n\t        --ymc-post-excerpt-letter-spacing: 1;\r\n\t        --ymc-post-excerpt-color: #1f1f1f;\r\n\t\r\n\t        --ymc-post-link-font-family: Montserrat;\r\n\t        --ymc-post-link-font-size: 16px;\r\n\t        --ymc-post-link-font-weight: 400;\r\n\t        --ymc-post-link-transform: none;\r\n\t        --ymc-post-link-letter-spacing: 1;\r\n\t        --ymc-post-link-color: #1f1f1f;\r\n\t    }\r\n\t    <\/style>\n<div class=\"filter-posts-wrapper\">\n\t\t\r\n<div class=\"filter-posts-search\">\r\n    <div class=\"search-form\">\r\n        <div class=\"search-wrapper\">\r\n            <input type=\"text\" class=\"search-field js-search-field\"\r\n                   name=\"search_field\"\r\n                   placeholder=\"Search...\"\r\n                   autocomplete=\"off\"\r\n                   data-grid-id=\"380\"\r\n                   data-state-autocomplete=\"no\"\r\n                   data-search-mode=\"global\"\r\n                   data-post-title\r\n value=\"\" \/>\r\n            <span class=\"clear-button js-clear-button\" title=\"Clear\">&times;<\/span>\r\n        <\/div>\r\n        <div class=\"autocomplete-results js-autocomplete-results\"><\/div>\r\n        <button class=\"button button--primary js-search-button\" type=\"button\">\r\n            Search<\/button>\r\n    <\/div>\r\n<\/div>\r\n\r\n\r\n\t    <div class=\"filter-layout filter-layout--top\">\n                <div class=\"filter-section filter-section--top\">\n\t        \t        \r\n        <div class=\"filter filter-default filter-category filter-380\"\r\n             data-filter-type=\"default\"\r\n             data-selection-mode=\"single\">\r\n\t                    <div class=\"filter-default-inner\">\r\n                <div class=\"filter-buttons\">\r\n                                        <button class=\"filter-button filter-button--all is-active js-filter-button-all\"\r\n                            data-all-terms='[26,25,27,28,1]'>\r\n                        <span class=\"text\">\r\n                        All<\/span>\r\n                    <\/button>\r\n\r\n                            <button class=\"filter-button left-icon\"\r\n\t\t\t                data-termid=\"26\"\r\n                aria-pressed=\"false\" >\r\n\t\t\t            <span class=\"text\">Drawings<\/span>\r\n        <\/button>\r\n\t\t        <button class=\"filter-button left-icon\"\r\n\t\t\t                data-termid=\"25\"\r\n                aria-pressed=\"false\" >\r\n\t\t\t            <span class=\"text\">Paintings<\/span>\r\n        <\/button>\r\n\t\t        <button class=\"filter-button left-icon\"\r\n\t\t\t                data-termid=\"27\"\r\n                aria-pressed=\"false\" >\r\n\t\t\t            <span class=\"text\">Photography<\/span>\r\n        <\/button>\r\n\t\t        <button class=\"filter-button left-icon\"\r\n\t\t\t                data-termid=\"28\"\r\n                aria-pressed=\"false\" >\r\n\t\t\t            <span class=\"text\">Poems<\/span>\r\n        <\/button>\r\n\t\t                <\/div>\r\n            <\/div>\r\n\t                <\/div>\r\n\r\n\t\t\t                <\/div>\n                <div class=\"filter-content\">\n                        <div class=\"posts-grid js-ajax-content ymc-cols-xxs-1 ymc-cols-xs-1 ymc-cols-sm-2 ymc-cols-md-3 ymc-cols-lg-4 ymc-cols-xl-4 ymc-col-gap-30 ymc-row-gap-30 ymc-col-gap-30 ymc-row-gap-30\"><\/div>\n\t                <\/div>\n    <\/div>\n<\/div>\n\n\t\t<\/div>","protected":false},"excerpt":{"rendered":"<p>Arte Explora o meu trabalho atrav\u00e9s de tr\u00eas formas de express\u00e3o art\u00edstica<\/p>","protected":false},"author":1,"featured_media":0,"parent":0,"menu_order":0,"comment_status":"closed","ping_status":"closed","template":"","meta":{"iawp_total_views":88,"footnotes":""},"class_list":["post-38","page","type-page","status-publish","hentry"],"yoast_head":"<!-- This site is optimized with the Yoast SEO plugin v26.7 - https:\/\/yoast.com\/wordpress\/plugins\/seo\/ -->\n<title>Work - Helena Cola\u00e7o<\/title>\n<meta name=\"robots\" content=\"index, follow, max-snippet:-1, max-image-preview:large, max-video-preview:-1\" \/>\n<link rel=\"canonical\" href=\"https:\/\/calapez.art\/pt\/work\/\" \/>\n<meta property=\"og:locale\" content=\"pt_PT\" \/>\n<meta property=\"og:type\" content=\"article\" \/>\n<meta property=\"og:title\" content=\"Work - Helena Cola\u00e7o\" \/>\n<meta property=\"og:description\" content=\"Arte Explora o meu trabalho atrav\u00e9s de tr\u00eas formas de express\u00e3o art\u00edstica\" \/>\n<meta property=\"og:url\" content=\"https:\/\/calapez.art\/pt\/work\/\" \/>\n<meta property=\"og:site_name\" content=\"Helena Cola\u00e7o\" \/>\n<meta property=\"article:modified_time\" content=\"2026-01-10T23:17:11+00:00\" \/>\n<meta name=\"twitter:card\" content=\"summary_large_image\" \/>\n<script type=\"application\/ld+json\" class=\"yoast-schema-graph\">{\"@context\":\"https:\/\/schema.org\",\"@graph\":[{\"@type\":\"WebPage\",\"@id\":\"https:\/\/calapez.art\/work\/\",\"url\":\"https:\/\/calapez.art\/work\/\",\"name\":\"Work - Helena Cola\u00e7o\",\"isPartOf\":{\"@id\":\"https:\/\/calapez.art\/#website\"},\"datePublished\":\"2025-06-02T16:25:27+00:00\",\"dateModified\":\"2026-01-10T23:17:11+00:00\",\"breadcrumb\":{\"@id\":\"https:\/\/calapez.art\/work\/#breadcrumb\"},\"inLanguage\":\"pt-PT\",\"potentialAction\":[{\"@type\":\"ReadAction\",\"target\":[\"https:\/\/calapez.art\/work\/\"]}]},{\"@type\":\"BreadcrumbList\",\"@id\":\"https:\/\/calapez.art\/work\/#breadcrumb\",\"itemListElement\":[{\"@type\":\"ListItem\",\"position\":1,\"name\":\"In\u00edcio\",\"item\":\"https:\/\/calapez.art\/\"},{\"@type\":\"ListItem\",\"position\":2,\"name\":\"Work\"}]},{\"@type\":\"WebSite\",\"@id\":\"https:\/\/calapez.art\/#website\",\"url\":\"https:\/\/calapez.art\/\",\"name\":\"Calapez.art\",\"description\":\"Through lines, colors, lenses, and words \u2014 a journey of self-expression, where each stroke, click, and verse unveils a new dimension of the soul.\",\"publisher\":{\"@id\":\"https:\/\/calapez.art\/#\/schema\/person\/f7a840550ae05cf8706cafa1b49aad49\"},\"potentialAction\":[{\"@type\":\"SearchAction\",\"target\":{\"@type\":\"EntryPoint\",\"urlTemplate\":\"https:\/\/calapez.art\/?s={search_term_string}\"},\"query-input\":{\"@type\":\"PropertyValueSpecification\",\"valueRequired\":true,\"valueName\":\"search_term_string\"}}],\"inLanguage\":\"pt-PT\"},{\"@type\":[\"Person\",\"Organization\"],\"@id\":\"https:\/\/calapez.art\/#\/schema\/person\/f7a840550ae05cf8706cafa1b49aad49\",\"name\":\"lena\",\"image\":{\"@type\":\"ImageObject\",\"inLanguage\":\"pt-PT\",\"@id\":\"https:\/\/calapez.art\/#\/schema\/person\/image\/\",\"url\":\"https:\/\/calapez.art\/wp-content\/uploads\/2025\/06\/calapez.png\",\"contentUrl\":\"https:\/\/calapez.art\/wp-content\/uploads\/2025\/06\/calapez.png\",\"width\":1024,\"height\":1024,\"caption\":\"lena\"},\"logo\":{\"@id\":\"https:\/\/calapez.art\/#\/schema\/person\/image\/\"},\"sameAs\":[\"http:\/\/calapez.art\"]}]}<\/script>\n<!-- \/ Yoast SEO plugin. -->","yoast_head_json":{"title":"Work - Helena Cola\u00e7o","robots":{"index":"index","follow":"follow","max-snippet":"max-snippet:-1","max-image-preview":"max-image-preview:large","max-video-preview":"max-video-preview:-1"},"canonical":"https:\/\/calapez.art\/pt\/work\/","og_locale":"pt_PT","og_type":"article","og_title":"Work - Helena Cola\u00e7o","og_description":"Arte Explora o meu trabalho atrav\u00e9s de tr\u00eas formas de express\u00e3o art\u00edstica","og_url":"https:\/\/calapez.art\/pt\/work\/","og_site_name":"Helena Cola\u00e7o","article_modified_time":"2026-01-10T23:17:11+00:00","twitter_card":"summary_large_image","schema":{"@context":"https:\/\/schema.org","@graph":[{"@type":"WebPage","@id":"https:\/\/calapez.art\/work\/","url":"https:\/\/calapez.art\/work\/","name":"Work - Helena Cola\u00e7o","isPartOf":{"@id":"https:\/\/calapez.art\/#website"},"datePublished":"2025-06-02T16:25:27+00:00","dateModified":"2026-01-10T23:17:11+00:00","breadcrumb":{"@id":"https:\/\/calapez.art\/work\/#breadcrumb"},"inLanguage":"pt-PT","potentialAction":[{"@type":"ReadAction","target":["https:\/\/calapez.art\/work\/"]}]},{"@type":"BreadcrumbList","@id":"https:\/\/calapez.art\/work\/#breadcrumb","itemListElement":[{"@type":"ListItem","position":1,"name":"In\u00edcio","item":"https:\/\/calapez.art\/"},{"@type":"ListItem","position":2,"name":"Work"}]},{"@type":"WebSite","@id":"https:\/\/calapez.art\/#website","url":"https:\/\/calapez.art\/","name":"Calapez.art","description":"Through lines, colors, lenses, and words \u2014 a journey of self-expression, where each stroke, click, and verse unveils a new dimension of the soul.","publisher":{"@id":"https:\/\/calapez.art\/#\/schema\/person\/f7a840550ae05cf8706cafa1b49aad49"},"potentialAction":[{"@type":"SearchAction","target":{"@type":"EntryPoint","urlTemplate":"https:\/\/calapez.art\/?s={search_term_string}"},"query-input":{"@type":"PropertyValueSpecification","valueRequired":true,"valueName":"search_term_string"}}],"inLanguage":"pt-PT"},{"@type":["Person","Organization"],"@id":"https:\/\/calapez.art\/#\/schema\/person\/f7a840550ae05cf8706cafa1b49aad49","name":"lena","image":{"@type":"ImageObject","inLanguage":"pt-PT","@id":"https:\/\/calapez.art\/#\/schema\/person\/image\/","url":"https:\/\/calapez.art\/wp-content\/uploads\/2025\/06\/calapez.png","contentUrl":"https:\/\/calapez.art\/wp-content\/uploads\/2025\/06\/calapez.png","width":1024,"height":1024,"caption":"lena"},"logo":{"@id":"https:\/\/calapez.art\/#\/schema\/person\/image\/"},"sameAs":["http:\/\/calapez.art"]}]}},"_links":{"self":[{"href":"https:\/\/calapez.art\/pt\/wp-json\/wp\/v2\/pages\/38","targetHints":{"allow":["GET"]}}],"collection":[{"href":"https:\/\/calapez.art\/pt\/wp-json\/wp\/v2\/pages"}],"about":[{"href":"https:\/\/calapez.art\/pt\/wp-json\/wp\/v2\/types\/page"}],"author":[{"embeddable":true,"href":"https:\/\/calapez.art\/pt\/wp-json\/wp\/v2\/users\/1"}],"replies":[{"embeddable":true,"href":"https:\/\/calapez.art\/pt\/wp-json\/wp\/v2\/comments?post=38"}],"version-history":[{"count":21,"href":"https:\/\/calapez.art\/pt\/wp-json\/wp\/v2\/pages\/38\/revisions"}],"predecessor-version":[{"id":396,"href":"https:\/\/calapez.art\/pt\/wp-json\/wp\/v2\/pages\/38\/revisions\/396"}],"wp:attachment":[{"href":"https:\/\/calapez.art\/pt\/wp-json\/wp\/v2\/media?parent=38"}],"curies":[{"name":"wp","href":"https:\/\/api.w.org\/{rel}","templated":true}]}}